{"id":1601,"date":"2021-11-24T11:03:42","date_gmt":"2021-11-24T11:03:42","guid":{"rendered":"http:\/\/michaell228.sg-host.com\/privacy\/"},"modified":"2021-12-02T06:40:45","modified_gmt":"2021-12-02T06:40:45","slug":"privacy","status":"publish","type":"page","link":"https:\/\/fliederhof.it\/it\/privacy\/","title":{"rendered":"Privacy"},"content":{"rendered":"<div class=\"fusion-fullwidth fullwidth-box fusion-builder-row-1 fusion-flex-container nonhundred-percent-fullwidth non-hundred-percent-height-scrolling\" style=\"background-color: rgba(255,255,255,0);background-position: center center;background-repeat: no-repeat;border-width: 0px 0px 0px 0px;border-color:#e2e2e2;border-style:solid;\" ><div class=\"fusion-builder-row fusion-row fusion-flex-align-items-flex-start\" style=\"max-width:1352px;margin-left: calc(-4% \/ 2 );margin-right: calc(-4% \/ 2 );\"><div class=\"fusion-layout-column fusion_builder_column fusion-builder-column-0 fusion_builder_column_1_1 1_1 fusion-flex-column\"><div class=\"fusion-column-wrapper fusion-flex-justify-content-flex-start fusion-content-layout-column\" style=\"background-position:left top;background-repeat:no-repeat;-webkit-background-size:cover;-moz-background-size:cover;-o-background-size:cover;background-size:cover;padding: 0px 0px 0px 0px;\"><div class=\"fusion-text fusion-text-1\"><header class=\"entry-header\">\n<h1 class=\"entry-title wp-block-heading\">PRIVACY<\/h1>\n<\/header>\n<div class=\"entry-content\">\n<h2>Informativa sul trattamento dei dati personali<\/h2>\n<p>dell\u2018azienda Fliederhof d. Stefan Ramoser(\u201eTitolare\u201c o \u201cAzienda\u201d), con sede a Bolzano.<\/p>\n<h3>1. Informazioni generali<\/h3>\n<p>La protezione dei vostri dati personali ci sta particolarmente a cuore. Pertanto, trattiamo i vostri dati esclusivamente sulla base del regolamento generale sulla protezione dei dati dell&#8217;UE n. 679\/2016 (di seguito, &#8220;GDPR&#8221;).<\/p>\n<p>1.1 La nostra Azienda si impegna a rispettare la tua privacy e trattiamo i tuoi dati unicamente sulla base del quadro normativo vigente, vale a dire, il regolamento UE nr. 679\/2016 (di seguito \u201eRegolamento\u201c).<\/p>\n<p>1.2 Tutti i termini utilizzati in questa Informativa sulla Privacy avranno i significati definiti nelle fonti legali di cui alla Sezione 1.1.<\/p>\n<h3>2. Dati personali trattati<\/h3>\n<p>Trattiamo i seguenti dati personali, quando visita il nostro sito internet:<\/p>\n<ol>\n<li>nome<\/li>\n<li>indirizzo email<\/li>\n<li>numero di telefono<\/li>\n<li>indirizzo IP<\/li>\n<li>informazioni su come usi i nostri servizi<\/li>\n<li>contenuti che comunicate, contribuite a dare, caricate, ecc.;<\/li>\n<li>dati tecnici, come per es. la URL dalla quale raggiungete il nostro sito, il tuo indirizzo IP, prestazione della tua rete e del tuo PC, tipo di browser adoperato, preferenza linguistica, sistema operativo, ecc.<\/li>\n<\/ol>\n<p>Senza i suindicati dati non possiamo fornire i servizi.<\/p>\n<p>&nbsp;<\/p>\n<h3>3. Finalit\u00e0 e liceit\u00e0 del trattamento dei dati<\/h3>\n<p>Con il trattamento dei su-indicati dati perseguiamo le seguenti finalit\u00e0:<\/p>\n<p>3.1 Contattaci: l\u2019operativit\u00e0 del servizio \u201ccontattaci\u201d, e quindi ad autorizzare l&#8217;azienda contitolari di trattamento a contattare l\u2019Utente direttamente, a seguito della compilazione e l\u2019invio online, da parte dell\u2019Utente, dell\u2019apposito modulo;<br>3.2 Newsletter: l\u2019invio di newsletter, e, previo consenso dell\u2019Utente, all\u2019invio di informazioni commerciali di materiale pubblicitario e informativo e\/o l\u2019effettuazione di comunicazioni commerciali, anche interattive. Le informative in tal senso sono specifiche per ogni newsletter per cui viene richiesta l\u2019iscrizione;<br>3.3 L&#8217;operativit\u00e0 dei giochi e concorsi, e quindi ad autorizzare l&#8217;aziende contitolari di trattamento a contattare l\u2019Utente \u2013 in caso di vincita \u2013 direttamente, a seguito della compilazione e l\u2019invio online, da parte dell\u2019Utente, dell\u2019apposito modulo e della presa visione della specifica informativa privacy;<br>3.4 Profilazione: le finalit\u00e0 accessorie di profilazione saranno corredate da informative e consensi specifici, liberi e separati. Questo consenso non riguarda la profilazione del suo comportamento d&#8217;acquisto.<\/p>\n<h3>4. Trasferimento di dati a terzi<\/h3>\n<p>I dati personali degli Utenti potranno essere comunicati a terzi per adempiere ad obblighi di legge, ovvero per rispettare ordini provenienti da pubbliche autorit\u00e0 ovvero per esercitare un diritto in sede giudiziaria. Sono altres\u00ec comunicati a societ\u00e0 esterne eventualmente delegate per le suddette finalit\u00e0.<\/p>\n<h3>5. Cookies, pixels e altri sistemi tecnologici<\/h3>\n<p>5.1 Noi raccogliamo dati personali attraverso diversi sistemi tecnologici, come p.es. cookies, pixels, tags, alcuni dei quali possono essere piazzati anche sul tuo PC. Per informazioni su come usiamo queste tecnologie, facciamo riferimento alla nostra cookie policy, che trovi (<a href=\"https:\/\/www.fliederhof.it\/de\/cookies\/\">Cookies<\/a>).<\/p>\n<h3>6. Durata del trattamento dei dati personali<\/h3>\n<p>6.1 I suoi dati personali saranno trattati con strumenti automatizzati e non, per il tempo strettamente necessario a conseguire gli scopi per cui sono stati raccolti.<\/p>\n<h3>7. Minori<\/h3>\n<p>7.1 Non offriamo i nostri servizi ai minori di 18 anni. Se siete responsabili della supervisione di una persona che non ha ancora 18 anni e notate che il minore ci ha trasmesso dei dati senza il nostro consenso, vi preghiamo di contattarci immediatamente (<a href=\"mailto:info@fliederhof.it\">info@fliederhof.it<\/a>) in modo che possiamo prendere le misure legali nell&#8217;interesse del minore.<\/p>\n<h3>8. I tuoi diritti<\/h3>\n<p>8.1 Hai un diritto assoluto di disporre dei tuoi dati personali. La normativa sulla protezione dei dati personali prevede in linea di principio i seguenti diritti: informazione e accesso ai dati personali, rettifica e cancellazione, limitazione, portabilit\u00e0, nonch\u00e9 opposizione al trattamento.<\/p>\n<p>8.2 Se ti opponi al trattamento dei tuoi dati, ci\u00f2 non ha un impatto sulla liceit\u00e0 del trattamento precedente a tale opposizione. In alcuni casi, i tuoi dati possono essere trattati anche dopo la tua opposizione al rispettivo trattamento; ci\u00f2 per\u00f2 solo se il trattamento avviene in conformit\u00e0 a una condizione di liceit\u00e0 diversa dal tuo consenso. Si pu\u00f2 sempre opporsi al marketing diretto.<\/p>\n<h3>9. Come contattarci:<\/h3>\n<p>Fliederhof d. Stefan Ramoser<br>Untermagdalena 33<br>I-39100 Bolzano<br>Tel: <a href=\"tel:+390471979048\">+39 0471 979048<\/a><br>E-Mail: <a href=\"mailto:info@fliederhof.it\">info@fliederhof.it<\/a><\/p>\n<\/div>\n<p>&nbsp;<\/p>\n<\/div><\/div><style type=\"text\/css\">.fusion-body .fusion-builder-column-0{width:100% !important;margin-top : 0px;margin-bottom : 0px;}.fusion-builder-column-0 > .fusion-column-wrapper {padding-top : 0px !important;padding-right : 0px !important;margin-right : 1.92%;padding-bottom : 0px !important;padding-left : 0px !important;margin-left : 1.92%;}@media only screen and (max-width:1234px) {.fusion-body .fusion-builder-column-0{width:100% !important;}.fusion-builder-column-0 > .fusion-column-wrapper {margin-right : 1.92%;margin-left : 1.92%;}}@media only screen and (max-width:1000px) {.fusion-body .fusion-builder-column-0{width:100% !important;}.fusion-builder-column-0 > .fusion-column-wrapper {margin-right : 1.92%;margin-left : 1.92%;}}<\/style><\/div><\/div><style type=\"text\/css\">.fusion-body .fusion-flex-container.fusion-builder-row-1{ padding-top : 0px;margin-top : 0px;padding-right : 0px;padding-bottom : 0px;margin-bottom : 0px;padding-left : 0px;}<\/style><\/div>","protected":false},"excerpt":{"rendered":"","protected":false},"author":1,"featured_media":0,"parent":0,"menu_order":0,"comment_status":"closed","ping_status":"open","template":"","meta":{"footnotes":""},"class_list":["post-1601","page","type-page","status-publish","hentry"],"yoast_head":"<!-- This site is optimized with the Yoast SEO plugin v27.3 - https:\/\/yoast.com\/product\/yoast-seo-wordpress\/ -->\n<title>Privacy - Fliederhof WeinManufaktur<\/title>\n<meta name=\"robots\" content=\"index, follow, max-snippet:-1, max-image-preview:large, max-video-preview:-1\" \/>\n<link rel=\"canonical\" href=\"https:\/\/fliederhof.it\/it\/privacy\/\" \/>\n<meta property=\"og:locale\" content=\"it_IT\" \/>\n<meta property=\"og:type\" content=\"article\" \/>\n<meta property=\"og:title\" content=\"Privacy - Fliederhof WeinManufaktur\" \/>\n<meta property=\"og:url\" content=\"https:\/\/fliederhof.it\/it\/privacy\/\" \/>\n<meta property=\"og:site_name\" content=\"Fliederhof WeinManufaktur\" \/>\n<meta property=\"article:modified_time\" content=\"2021-12-02T06:40:45+00:00\" \/>\n<meta name=\"twitter:card\" content=\"summary_large_image\" \/>\n<meta name=\"twitter:label1\" content=\"Tempo di lettura stimato\" \/>\n\t<meta name=\"twitter:data1\" content=\"4 minuti\" \/>\n<script type=\"application\/ld+json\" class=\"yoast-schema-graph\">{\"@context\":\"https:\\\/\\\/schema.org\",\"@graph\":[{\"@type\":\"WebPage\",\"@id\":\"https:\\\/\\\/fliederhof.it\\\/it\\\/privacy\\\/\",\"url\":\"https:\\\/\\\/fliederhof.it\\\/it\\\/privacy\\\/\",\"name\":\"Privacy - Fliederhof WeinManufaktur\",\"isPartOf\":{\"@id\":\"https:\\\/\\\/fliederhof.it\\\/#website\"},\"datePublished\":\"2021-11-24T11:03:42+00:00\",\"dateModified\":\"2021-12-02T06:40:45+00:00\",\"breadcrumb\":{\"@id\":\"https:\\\/\\\/fliederhof.it\\\/it\\\/privacy\\\/#breadcrumb\"},\"inLanguage\":\"it-IT\",\"potentialAction\":[{\"@type\":\"ReadAction\",\"target\":[\"https:\\\/\\\/fliederhof.it\\\/it\\\/privacy\\\/\"]}]},{\"@type\":\"BreadcrumbList\",\"@id\":\"https:\\\/\\\/fliederhof.it\\\/it\\\/privacy\\\/#breadcrumb\",\"itemListElement\":[{\"@type\":\"ListItem\",\"position\":1,\"name\":\"Home\",\"item\":\"https:\\\/\\\/fliederhof.it\\\/it\\\/\"},{\"@type\":\"ListItem\",\"position\":2,\"name\":\"Privacy\"}]},{\"@type\":\"WebSite\",\"@id\":\"https:\\\/\\\/fliederhof.it\\\/#website\",\"url\":\"https:\\\/\\\/fliederhof.it\\\/\",\"name\":\"Fliederhof WeinManufaktur\",\"description\":\"\",\"potentialAction\":[{\"@type\":\"SearchAction\",\"target\":{\"@type\":\"EntryPoint\",\"urlTemplate\":\"https:\\\/\\\/fliederhof.it\\\/?s={search_term_string}\"},\"query-input\":{\"@type\":\"PropertyValueSpecification\",\"valueRequired\":true,\"valueName\":\"search_term_string\"}}],\"inLanguage\":\"it-IT\"}]}<\/script>\n<!-- \/ Yoast SEO plugin. -->","yoast_head_json":{"title":"Privacy - Fliederhof WeinManufaktur","robots":{"index":"index","follow":"follow","max-snippet":"max-snippet:-1","max-image-preview":"max-image-preview:large","max-video-preview":"max-video-preview:-1"},"canonical":"https:\/\/fliederhof.it\/it\/privacy\/","og_locale":"it_IT","og_type":"article","og_title":"Privacy - Fliederhof WeinManufaktur","og_url":"https:\/\/fliederhof.it\/it\/privacy\/","og_site_name":"Fliederhof WeinManufaktur","article_modified_time":"2021-12-02T06:40:45+00:00","twitter_card":"summary_large_image","twitter_misc":{"Tempo di lettura stimato":"4 minuti"},"schema":{"@context":"https:\/\/schema.org","@graph":[{"@type":"WebPage","@id":"https:\/\/fliederhof.it\/it\/privacy\/","url":"https:\/\/fliederhof.it\/it\/privacy\/","name":"Privacy - Fliederhof WeinManufaktur","isPartOf":{"@id":"https:\/\/fliederhof.it\/#website"},"datePublished":"2021-11-24T11:03:42+00:00","dateModified":"2021-12-02T06:40:45+00:00","breadcrumb":{"@id":"https:\/\/fliederhof.it\/it\/privacy\/#breadcrumb"},"inLanguage":"it-IT","potentialAction":[{"@type":"ReadAction","target":["https:\/\/fliederhof.it\/it\/privacy\/"]}]},{"@type":"BreadcrumbList","@id":"https:\/\/fliederhof.it\/it\/privacy\/#breadcrumb","itemListElement":[{"@type":"ListItem","position":1,"name":"Home","item":"https:\/\/fliederhof.it\/it\/"},{"@type":"ListItem","position":2,"name":"Privacy"}]},{"@type":"WebSite","@id":"https:\/\/fliederhof.it\/#website","url":"https:\/\/fliederhof.it\/","name":"Fliederhof WeinManufaktur","description":"","potentialAction":[{"@type":"SearchAction","target":{"@type":"EntryPoint","urlTemplate":"https:\/\/fliederhof.it\/?s={search_term_string}"},"query-input":{"@type":"PropertyValueSpecification","valueRequired":true,"valueName":"search_term_string"}}],"inLanguage":"it-IT"}]}},"_links":{"self":[{"href":"https:\/\/fliederhof.it\/it\/wp-json\/wp\/v2\/pages\/1601","targetHints":{"allow":["GET"]}}],"collection":[{"href":"https:\/\/fliederhof.it\/it\/wp-json\/wp\/v2\/pages"}],"about":[{"href":"https:\/\/fliederhof.it\/it\/wp-json\/wp\/v2\/types\/page"}],"author":[{"embeddable":true,"href":"https:\/\/fliederhof.it\/it\/wp-json\/wp\/v2\/users\/1"}],"replies":[{"embeddable":true,"href":"https:\/\/fliederhof.it\/it\/wp-json\/wp\/v2\/comments?post=1601"}],"version-history":[{"count":2,"href":"https:\/\/fliederhof.it\/it\/wp-json\/wp\/v2\/pages\/1601\/revisions"}],"predecessor-version":[{"id":2043,"href":"https:\/\/fliederhof.it\/it\/wp-json\/wp\/v2\/pages\/1601\/revisions\/2043"}],"wp:attachment":[{"href":"https:\/\/fliederhof.it\/it\/wp-json\/wp\/v2\/media?parent=1601"}],"curies":[{"name":"wp","href":"https:\/\/api.w.org\/{rel}","templated":true}]}}