{"id":1582,"date":"2021-11-24T09:02:21","date_gmt":"2021-11-24T09:02:21","guid":{"rendered":"http:\/\/michaell228.sg-host.com\/cookies\/"},"modified":"2021-11-24T09:02:30","modified_gmt":"2021-11-24T09:02:30","slug":"cookies","status":"publish","type":"page","link":"https:\/\/fliederhof.it\/it\/cookies\/","title":{"rendered":"Cookies"},"content":{"rendered":"<div class=\"fusion-fullwidth fullwidth-box fusion-builder-row-1 fusion-flex-container nonhundred-percent-fullwidth non-hundred-percent-height-scrolling\" style=\"background-color: rgba(255,255,255,0);background-position: center center;background-repeat: no-repeat;border-width: 0px 0px 0px 0px;border-color:#e2e2e2;border-style:solid;\" ><div class=\"fusion-builder-row fusion-row fusion-flex-align-items-flex-start\" style=\"max-width:1352px;margin-left: calc(-4% \/ 2 );margin-right: calc(-4% \/ 2 );\"><div class=\"fusion-layout-column fusion_builder_column fusion-builder-column-0 fusion_builder_column_1_1 1_1 fusion-flex-column\"><div class=\"fusion-column-wrapper fusion-flex-justify-content-flex-start fusion-content-layout-column\" style=\"background-position:left top;background-repeat:no-repeat;-webkit-background-size:cover;-moz-background-size:cover;-o-background-size:cover;background-size:cover;padding: 0px 0px 0px 0px;\"><div class=\"fusion-text fusion-text-1\"><header class=\"entry-header\">\n<header class=\"entry-header\">\n<h1 class=\"entry-title\">COOKIES<\/h1>\n<\/header>\n<div class=\"entry-content\">\n<p>Il presente sito internet impiega i cosiddetti \u201ccookies\u201d, ovvero piccoli file testuali che il server di un sito memorizza temporaneamente o in via definitiva sul browser, sul vostro computer o su un altro dispositivo, finalizzati alla semplificazione, integrazione o personalizzazione dell\u2019utilizzo delle pagine web.<\/p>\n<p>Accendendo al presente sito internet, vi dichiarate d\u2019accordo al trattamento dei vostri dati personali da parte di Google.<\/p>\n<p>Avete la possibilit\u00e0 di disattivare il salvataggio dei cookies attraverso il vostro browser o di cancellare i cookies gi\u00e0 memorizzati, tenendo presente che ci\u00f2 potrebbe comportare una limitazione delle funzionalit\u00e0, un rallentamento o l\u2019inutilizzabilit\u00e0 di alcune parti del sito internet.<\/p>\n<p>Per ulteriori informazioni sui cookies e sulle modalit\u00e0 di cancellazione, in base al tipo di browser impiegato, www.fliederhof.it vi rimanda al seguente link: http:\/\/support.google.com\/accounts\/answer\/32050<a href=\"http:\/\/support.google.com\/accounts\/answer\/32050\" target=\"_blank\" rel=\"noopener\"><\/a><\/p>\n<p>www.fliederhof.it impiega i seguenti cookies:<\/p>\n<p>1. Cookies assolutamente necessari, grazie a cui il visitatore ha la possibilit\u00e0 di visualizzare la pagina web, utilizzare le funzioni del sito o ottenere l\u2019accesso ad aree di sicurezza o registrate. In caso di disattivazione di tali cookies, determinate parti del sito non potranno pi\u00f9 essere impiegate correttamente.<\/p>\n<p>2. Cookies funzionali, con cui www.fliederhof.it pu\u00f2 memorizzare le scelte e le preferenze degli utenti, per incrementare la facilit\u00e0 d\u2019uso del sito.<\/p>\n<p>3.Cookies per l\u2019analisi dell\u2019impiego, che raccolgono informazioni sull\u2019accesso al presente sito internet (compreso l\u2019indirizzo IP). Tali informazioni non hanno carattere personale. Le informazioni sono trasmesse a un server di Google negli USA, dove vengono memorizzate. Google utilizzer\u00e0 tali dati per la valutazione dell\u2019utilizzo del sito internet, la stesura di report sulle attivit\u00e0 del sito a beneficio dei gestori e per altri servizi collegati agli accessi alla pagina e all\u2019impiego d\u2019internet in generale.<\/p>\n<p>Google trasmetter\u00e0 tali informazioni a terzi, qualora ci\u00f2 sia previsto dalla legge ovvero se tali soggetti si occuperanno del trattamento dei dati per conto di Google. In nessun caso, l\u2019indirizzo IP sar\u00e0 messo in collegamento con altri dati di Google.<\/p>\n<p>4. Google Remarketing Cookies, finalizzati alla visualizzazione d\u2019inserzioni pubblicitarie personalizzate sulla rete di Google Advertising. La pubblicazione di tali inserzioni avverr\u00e0 sulla base delle precedenti visite al sito internet.<\/p>\n<\/div>\n<\/header>\n<div class=\"entry-content\"><\/div>\n<\/div><\/div><style type=\"text\/css\">.fusion-body .fusion-builder-column-0{width:100% !important;margin-top : 0px;margin-bottom : 20px;}.fusion-builder-column-0 > .fusion-column-wrapper {padding-top : 0px !important;padding-right : 0px !important;margin-right : 1.92%;padding-bottom : 0px !important;padding-left : 0px !important;margin-left : 1.92%;}@media only screen and (max-width:1234px) {.fusion-body .fusion-builder-column-0{width:100% !important;order : 0;}.fusion-builder-column-0 > .fusion-column-wrapper {margin-right : 1.92%;margin-left : 1.92%;}}@media only screen and (max-width:1000px) {.fusion-body .fusion-builder-column-0{width:100% !important;order : 0;}.fusion-builder-column-0 > .fusion-column-wrapper {margin-right : 1.92%;margin-left : 1.92%;}}<\/style><\/div><\/div><style type=\"text\/css\">.fusion-body .fusion-flex-container.fusion-builder-row-1{ padding-top : 0px;margin-top : 0px;padding-right : 0px;padding-bottom : 0px;margin-bottom : 0px;padding-left : 0px;}<\/style><\/div>\n","protected":false},"excerpt":{"rendered":"","protected":false},"author":1,"featured_media":0,"parent":0,"menu_order":0,"comment_status":"closed","ping_status":"closed","template":"","meta":{"footnotes":""},"class_list":["post-1582","page","type-page","status-publish","hentry"],"yoast_head":"<!-- This site is optimized with the Yoast SEO plugin v27.3 - https:\/\/yoast.com\/product\/yoast-seo-wordpress\/ -->\n<title>Cookies - Fliederhof WeinManufaktur<\/title>\n<meta name=\"robots\" content=\"index, follow, max-snippet:-1, max-image-preview:large, max-video-preview:-1\" \/>\n<link rel=\"canonical\" href=\"https:\/\/fliederhof.it\/it\/cookies\/\" \/>\n<meta property=\"og:locale\" content=\"it_IT\" \/>\n<meta property=\"og:type\" content=\"article\" \/>\n<meta property=\"og:title\" content=\"Cookies - Fliederhof WeinManufaktur\" \/>\n<meta property=\"og:url\" content=\"https:\/\/fliederhof.it\/it\/cookies\/\" \/>\n<meta property=\"og:site_name\" content=\"Fliederhof WeinManufaktur\" \/>\n<meta property=\"article:modified_time\" content=\"2021-11-24T09:02:30+00:00\" \/>\n<meta name=\"twitter:card\" content=\"summary_large_image\" \/>\n<meta name=\"twitter:label1\" content=\"Tempo di lettura stimato\" \/>\n\t<meta name=\"twitter:data1\" content=\"5 minuti\" \/>\n<script type=\"application\/ld+json\" class=\"yoast-schema-graph\">{\"@context\":\"https:\\\/\\\/schema.org\",\"@graph\":[{\"@type\":\"WebPage\",\"@id\":\"https:\\\/\\\/fliederhof.it\\\/it\\\/cookies\\\/\",\"url\":\"https:\\\/\\\/fliederhof.it\\\/it\\\/cookies\\\/\",\"name\":\"Cookies - Fliederhof WeinManufaktur\",\"isPartOf\":{\"@id\":\"https:\\\/\\\/fliederhof.it\\\/#website\"},\"datePublished\":\"2021-11-24T09:02:21+00:00\",\"dateModified\":\"2021-11-24T09:02:30+00:00\",\"breadcrumb\":{\"@id\":\"https:\\\/\\\/fliederhof.it\\\/it\\\/cookies\\\/#breadcrumb\"},\"inLanguage\":\"it-IT\",\"potentialAction\":[{\"@type\":\"ReadAction\",\"target\":[\"https:\\\/\\\/fliederhof.it\\\/it\\\/cookies\\\/\"]}]},{\"@type\":\"BreadcrumbList\",\"@id\":\"https:\\\/\\\/fliederhof.it\\\/it\\\/cookies\\\/#breadcrumb\",\"itemListElement\":[{\"@type\":\"ListItem\",\"position\":1,\"name\":\"Home\",\"item\":\"https:\\\/\\\/fliederhof.it\\\/it\\\/\"},{\"@type\":\"ListItem\",\"position\":2,\"name\":\"Cookies\"}]},{\"@type\":\"WebSite\",\"@id\":\"https:\\\/\\\/fliederhof.it\\\/#website\",\"url\":\"https:\\\/\\\/fliederhof.it\\\/\",\"name\":\"Fliederhof WeinManufaktur\",\"description\":\"\",\"potentialAction\":[{\"@type\":\"SearchAction\",\"target\":{\"@type\":\"EntryPoint\",\"urlTemplate\":\"https:\\\/\\\/fliederhof.it\\\/?s={search_term_string}\"},\"query-input\":{\"@type\":\"PropertyValueSpecification\",\"valueRequired\":true,\"valueName\":\"search_term_string\"}}],\"inLanguage\":\"it-IT\"}]}<\/script>\n<!-- \/ Yoast SEO plugin. -->","yoast_head_json":{"title":"Cookies - Fliederhof WeinManufaktur","robots":{"index":"index","follow":"follow","max-snippet":"max-snippet:-1","max-image-preview":"max-image-preview:large","max-video-preview":"max-video-preview:-1"},"canonical":"https:\/\/fliederhof.it\/it\/cookies\/","og_locale":"it_IT","og_type":"article","og_title":"Cookies - Fliederhof WeinManufaktur","og_url":"https:\/\/fliederhof.it\/it\/cookies\/","og_site_name":"Fliederhof WeinManufaktur","article_modified_time":"2021-11-24T09:02:30+00:00","twitter_card":"summary_large_image","twitter_misc":{"Tempo di lettura stimato":"5 minuti"},"schema":{"@context":"https:\/\/schema.org","@graph":[{"@type":"WebPage","@id":"https:\/\/fliederhof.it\/it\/cookies\/","url":"https:\/\/fliederhof.it\/it\/cookies\/","name":"Cookies - Fliederhof WeinManufaktur","isPartOf":{"@id":"https:\/\/fliederhof.it\/#website"},"datePublished":"2021-11-24T09:02:21+00:00","dateModified":"2021-11-24T09:02:30+00:00","breadcrumb":{"@id":"https:\/\/fliederhof.it\/it\/cookies\/#breadcrumb"},"inLanguage":"it-IT","potentialAction":[{"@type":"ReadAction","target":["https:\/\/fliederhof.it\/it\/cookies\/"]}]},{"@type":"BreadcrumbList","@id":"https:\/\/fliederhof.it\/it\/cookies\/#breadcrumb","itemListElement":[{"@type":"ListItem","position":1,"name":"Home","item":"https:\/\/fliederhof.it\/it\/"},{"@type":"ListItem","position":2,"name":"Cookies"}]},{"@type":"WebSite","@id":"https:\/\/fliederhof.it\/#website","url":"https:\/\/fliederhof.it\/","name":"Fliederhof WeinManufaktur","description":"","potentialAction":[{"@type":"SearchAction","target":{"@type":"EntryPoint","urlTemplate":"https:\/\/fliederhof.it\/?s={search_term_string}"},"query-input":{"@type":"PropertyValueSpecification","valueRequired":true,"valueName":"search_term_string"}}],"inLanguage":"it-IT"}]}},"_links":{"self":[{"href":"https:\/\/fliederhof.it\/it\/wp-json\/wp\/v2\/pages\/1582","targetHints":{"allow":["GET"]}}],"collection":[{"href":"https:\/\/fliederhof.it\/it\/wp-json\/wp\/v2\/pages"}],"about":[{"href":"https:\/\/fliederhof.it\/it\/wp-json\/wp\/v2\/types\/page"}],"author":[{"embeddable":true,"href":"https:\/\/fliederhof.it\/it\/wp-json\/wp\/v2\/users\/1"}],"replies":[{"embeddable":true,"href":"https:\/\/fliederhof.it\/it\/wp-json\/wp\/v2\/comments?post=1582"}],"version-history":[{"count":1,"href":"https:\/\/fliederhof.it\/it\/wp-json\/wp\/v2\/pages\/1582\/revisions"}],"predecessor-version":[{"id":1584,"href":"https:\/\/fliederhof.it\/it\/wp-json\/wp\/v2\/pages\/1582\/revisions\/1584"}],"wp:attachment":[{"href":"https:\/\/fliederhof.it\/it\/wp-json\/wp\/v2\/media?parent=1582"}],"curies":[{"name":"wp","href":"https:\/\/api.w.org\/{rel}","templated":true}]}}